{"id":1848,"date":"2020-09-05T15:52:12","date_gmt":"2020-09-05T12:52:12","guid":{"rendered":"http:\/\/gde-online.ru\/?page_id=1848"},"modified":"2022-05-05T10:23:38","modified_gmt":"2022-05-05T07:23:38","slug":"add-service","status":"publish","type":"page","link":"https:\/\/ca-courses.com\/canada\/add-service\/","title":{"rendered":"Add partner"},"content":{"rendered":"<p>\u00d0\u0178\u00d0\u00be \u00d0\u00b2\u00d1\u0081\u00d0\u00b5\u00d0\u00bc \u00d0\u00b2\u00d0\u00be\u00d0\u00bf\u00d1\u20ac\u00d0\u00be\u00d1\u0081\u00d0\u00b0\u00d0\u00bc \u00d0\u00bf\u00d0\u00b8\u00d1\u02c6\u00d0\u00b8\u00d1\u201a\u00d0\u00b5 \u00d0\u00bd\u00d0\u00b0 info@gde-online.ru<\/p>\n","protected":false},"excerpt":{"rendered":"<p>\u00d0\u0178\u00d0\u00be \u00d0\u00b2\u00d1\u0081\u00d0\u00b5\u00d0\u00bc \u00d0\u00b2\u00d0\u00be\u00d0\u00bf\u00d1\u20ac\u00d0\u00be\u00d1\u0081\u00d0\u00b0\u00d0\u00bc \u00d0\u00bf\u00d0\u00b8\u00d1\u02c6\u00d0\u00b8\u00d1\u201a\u00d0\u00b5 \u00d0\u00bd\u00d0\u00b0 info@gde-online.ru<\/p>\n","protected":false},"author":2,"featured_media":0,"parent":0,"menu_order":0,"comment_status":"closed","ping_status":"closed","template":"","meta":{"footnotes":""},"_links":{"self":[{"href":"https:\/\/ca-courses.com\/canada\/wp-json\/wp\/v2\/pages\/1848"}],"collection":[{"href":"https:\/\/ca-courses.com\/canada\/wp-json\/wp\/v2\/pages"}],"about":[{"href":"https:\/\/ca-courses.com\/canada\/wp-json\/wp\/v2\/types\/page"}],"author":[{"embeddable":true,"href":"https:\/\/ca-courses.com\/canada\/wp-json\/wp\/v2\/users\/2"}],"replies":[{"embeddable":true,"href":"https:\/\/ca-courses.com\/canada\/wp-json\/wp\/v2\/comments?post=1848"}],"version-history":[{"count":4,"href":"https:\/\/ca-courses.com\/canada\/wp-json\/wp\/v2\/pages\/1848\/revisions"}],"predecessor-version":[{"id":5716,"href":"https:\/\/ca-courses.com\/canada\/wp-json\/wp\/v2\/pages\/1848\/revisions\/5716"}],"wp:attachment":[{"href":"https:\/\/ca-courses.com\/canada\/wp-json\/wp\/v2\/media?parent=1848"}],"curies":[{"name":"wp","href":"https:\/\/api.w.org\/{rel}","templated":true}]}}